{"id":937,"date":"2022-01-27T19:04:02","date_gmt":"2022-01-27T18:04:02","guid":{"rendered":"https:\/\/www.aquaserviceinstallaties.nl\/?page_id=937"},"modified":"2022-02-06T18:56:04","modified_gmt":"2022-02-06T17:56:04","slug":"gedeminiraliseerd-water","status":"publish","type":"page","link":"https:\/\/www.aquaserviceinstallaties.nl\/pl\/gedeminiraliseerd-water\/","title":{"rendered":"WODA DEMINERALIZOWANA"},"content":{"rendered":"<p>[et_pb_section fb_built=&#8221;1&#8243; specialty=&#8221;on&#8221; custom_padding_last_edited=&#8221;on|desktop&#8221; padding_top_1=&#8221;0px&#8221; padding_2_tablet=&#8221;|||10vw&#8221; padding_2_phone=&#8221;&#8221; padding_2_last_edited=&#8221;on|tablet&#8221; admin_label=&#8221;Header&#8221; _builder_version=&#8221;4.9.3&#8243; background_color=&#8221;#eaeaf1&#8243; inner_width=&#8221;100%&#8221; inner_max_width=&#8221;100%&#8221; custom_padding=&#8221;0px|10vw|1px|||&#8221; custom_padding_tablet=&#8221;|||&#8221; custom_padding_phone=&#8221;&#8221; saved_tabs=&#8221;all&#8221; locked=&#8221;off&#8221;][et_pb_column type=&#8221;1_2&#8243; _builder_version=&#8221;3.25&#8243; custom_padding=&#8221;|||&#8221; custom_padding__hover=&#8221;|||&#8221;][et_pb_image src=&#8221;https:\/\/www.aquaserviceinstallaties.nl\/wp-content\/uploads\/2022\/01\/mechanic-73.png&#8221; alt=&#8221;woda-demineralizowana&#8221; title_text=&#8221;FB_IMG_1638655968389&#8243; align_tablet=&#8221;center&#8221; align_phone=&#8221;&#8221; align_last_edited=&#8221;on|desktop&#8221; _builder_version=&#8221;4.9.3&#8243; background_image=&#8221;https:\/\/www.aquaserviceinstallaties.nl\/wp-content\/uploads\/2022\/01\/FB_IMG_1638655968389.jpg&#8221; custom_margin=&#8221;|-50vw||&#8221; custom_margin_tablet=&#8221;|0vw||&#8221; custom_margin_phone=&#8221;&#8221; custom_margin_last_edited=&#8221;on|desktop&#8221; locked=&#8221;off&#8221;][\/et_pb_image][\/et_pb_column][et_pb_column type=&#8221;1_2&#8243; specialty_columns=&#8221;2&#8243; _builder_version=&#8221;3.25&#8243; custom_padding=&#8221;|||&#8221; custom_padding__hover=&#8221;|||&#8221;][et_pb_row_inner custom_padding_last_edited=&#8221;on|phone&#8221; _builder_version=&#8221;4.9.3&#8243; background_color=&#8221;#528584&#8243; max_width=&#8221;710px&#8221; custom_margin=&#8221;10vw|||&#8221; custom_margin_tablet=&#8221;-40vw||&#8221; custom_margin_phone=&#8221;&#8221; custom_margin_last_edited=&#8221;on|tablet&#8221; custom_padding=&#8221;80px|60px|80px|60px|true|false&#8221; custom_padding_tablet=&#8221;60px|50px|60px|50px|true|true&#8221; custom_padding_phone=&#8221;50px|||40px&#8221; box_shadow_style=&#8221;preset2&#8243; box_shadow_vertical=&#8221;28px&#8221; box_shadow_blur=&#8221;40px&#8221; box_shadow_color=&#8221;rgba(0,0,0,0.1)&#8221;][et_pb_column_inner saved_specialty_column_type=&#8221;1_2&#8243; _builder_version=&#8221;3.25&#8243; custom_padding=&#8221;|||&#8221; custom_padding__hover=&#8221;|||&#8221;][et_pb_text _builder_version=&#8221;4.9.3&#8243; text_font=&#8221;||||||||&#8221; header_font=&#8221;Khand|700||on|||||&#8221; header_font_size=&#8221;80px&#8221; background_layout=&#8221;dark&#8221; header_font_size_tablet=&#8221;60px&#8221; header_font_size_phone=&#8221;40px&#8221; header_font_size_last_edited=&#8221;on|phone&#8221; locked=&#8221;off&#8221;]<\/p>\n<h1>Woda Demineralizowana<\/h1>\n<p>[\/et_pb_text][et_pb_divider color=&#8221;#ffffff&#8221; divider_style=&#8221;double&#8221; divider_weight=&#8221;10px&#8221; _builder_version=&#8221;3.22.4&#8243; transform_skew=&#8221;-20deg|0deg&#8221; max_width=&#8221;100px&#8221; height=&#8221;10px&#8221; locked=&#8221;off&#8221;][\/et_pb_divider][et_pb_text _builder_version=&#8221;4.9.3&#8243; text_font=&#8221;|600|||||||&#8221; text_line_height=&#8221;2em&#8221; background_layout=&#8221;dark&#8221; locked=&#8221;off&#8221;]<\/p>\n<h1 style=\"text-align: center;\">Co to jest woda demineralizowana?<\/h1>\n<p>&nbsp;<\/p>\n<p style=\"text-align: center;\">Woda demineralizowana to woda, z kt\u00f3rej usuni\u0119to wszystkie jony (sole, minera\u0142y). Demineralizacja to proces usuwania minera\u0142\u00f3w z wody.\u00a0Charakteryzuje si\u0119 bardzo nisk\u0105 przewodno\u015bci\u0105 elektryczn\u0105, przyjmuje si\u0119, \u017ce jako\u015b\u0107 wody demi jest wtedy, gdy jej przewodnictwo jest poni\u017cej 5 \u00b5S\/cm. Woda w naturalny spos\u00f3b przewodzi pr\u0105d dzi\u0119ki obecno\u015bci jon\u00f3w dodatnich (kation\u00f3w) i ujemnych (aniony).\u00a0Nazywa si\u0119 to przewodno\u015bci\u0105 i wyra\u017ca jednostk\u0105 mikroSimensach na centymetr.\n\nWykorzystuje si\u0119 j\u0105 mi\u0119dzy innymi w instalacjach grzewczych.\u00a0<\/p>\n<p>[\/et_pb_text][\/et_pb_column_inner][\/et_pb_row_inner][\/et_pb_column][\/et_pb_section][et_pb_section fb_built=&#8221;1&#8243; admin_label=&#8221;Services&#8221; _builder_version=&#8221;4.9.3&#8243; background_color=&#8221;#eaeaf1&#8243; min_height=&#8221;709px&#8221; custom_padding=&#8221;0px|0px|0|0px|false|false&#8221;][et_pb_row column_structure=&#8221;2_5,3_5&#8243; _builder_version=&#8221;3.25&#8243; width=&#8221;90%&#8221; max_width=&#8221;1600px&#8221; module_alignment=&#8221;right&#8221; custom_margin=&#8221;|0px||&#8221; custom_padding=&#8221;0px|0px|0||false|false&#8221; use_custom_width=&#8221;on&#8221; width_unit=&#8221;off&#8221; custom_width_percent=&#8221;90%&#8221;][et_pb_column type=&#8221;2_5&#8243; _builder_version=&#8221;3.25&#8243; custom_padding=&#8221;|50px|40px|&#8221; custom_padding__hover=&#8221;|||&#8221;][et_pb_text _builder_version=&#8221;4.9.3&#8243; text_font=&#8221;|600|||||||&#8221; text_line_height=&#8221;2em&#8221; header_font=&#8221;||||||||&#8221; header_2_font=&#8221;Khand|700||on|||||&#8221; header_2_font_size=&#8221;30px&#8221; header_2_line_height=&#8221;1.2em&#8221; custom_margin_tablet=&#8221;|||60vw&#8221; custom_margin_last_edited=&#8221;off|phone&#8221; header_2_font_size_tablet=&#8221;20px&#8221; header_2_font_size_phone=&#8221;18px&#8221; header_2_font_size_last_edited=&#8221;on|phone&#8221; locked=&#8221;off&#8221;]<\/p>\n<h2>NORMA VDI2035<\/h2>\n<p>Zgodnie z wytycznymi normy VDI2035, na kt\u00f3rej opiera si\u0119 wi\u0119kszo\u015b\u0107 producent\u00f3w urz\u0105dze\u0144 najlepsza woda do uk\u0142adu c.o. w najbardziej wymagaj\u0105cych instalacjach to woda demineralizowana.\n\nJe\u017celi chcemy spe\u0142ni\u0107 najwy\u017csze kryteria jako\u015bci wody to musimy zala\u0107 instalacj\u0119 wod\u0105 demineralizowan\u0105 o przewodno\u015bci do ok. 10 \u00b5S\/cm.\n\nMamy specjalistyczny sprz\u0119t pozwalaj\u0105cy nape\u0142ni\u0107 instalacj\u0119 z godnie z najwy\u017cszymi wymaganiami normy VDI2035.<\/p>\n<p>[\/et_pb_text][et_pb_text _builder_version=&#8221;4.9.3&#8243; text_font=&#8221;|600|||||||&#8221; text_line_height=&#8221;2em&#8221; header_font=&#8221;||||||||&#8221; header_2_font=&#8221;Khand|700||on|||||&#8221; header_2_font_size=&#8221;30px&#8221; header_2_line_height=&#8221;1.2em&#8221; custom_margin_tablet=&#8221;|||60vw&#8221; custom_margin_last_edited=&#8221;off|phone&#8221; header_2_font_size_tablet=&#8221;20px&#8221; header_2_font_size_phone=&#8221;18px&#8221; header_2_font_size_last_edited=&#8221;on|phone&#8221; locked=&#8221;off&#8221;]<\/p>\n<h2>DLACZEGO NIE KRAN\u00d3WKA?<\/h2>\n<p>Woda z kranu jak pisa\u0142em wcze\u015bniej zawiera mi\u0119dzy innymi wap\u0144, magnez czy \u017celazo. To w\u0142a\u015bnie przez te zwi\u0105zki mo\u017cna zaobserwowa\u0107 osadzanie si\u0119 kamienia w czajniku czy na kranach.\u00a0W niej kryje si\u0119 tak\u017ce tlen i inne zwi\u0105zki chemiczne takie jak agresywne siarczany powoduj\u0105ce korozj\u0119 drogich element\u00f3w.\u00a0Proces jaki zachodzi w naszych systemach centralnego ogrzewania destrukcyjnie wp\u0142ywa na instalacj\u0119, dlatego aby temu zapobiec powinni\u015bmy stosowa\u0107 wod\u0119 demineralizowan\u0105 wraz z inhibitorem.<\/p>\n<p>[\/et_pb_text][\/et_pb_column][et_pb_column type=&#8221;3_5&#8243; _builder_version=&#8221;3.25&#8243; custom_padding=&#8221;|||&#8221; custom_padding__hover=&#8221;|||&#8221;][et_pb_image src=&#8221;https:\/\/www.aquaserviceinstallaties.nl\/wp-content\/uploads\/2022\/01\/mechanic-78-1.png&#8221; alt=&#8221;woda-demineralizowana&#8221; title_text=&#8221;woda-demineralizowana&#8221; align_tablet=&#8221;center&#8221; align_phone=&#8221;&#8221; align_last_edited=&#8221;on|desktop&#8221; _builder_version=&#8221;4.9.3&#8243; background_image=&#8221;https:\/\/www.aquaserviceinstallaties.nl\/wp-content\/uploads\/2022\/01\/20211204_145344-scaled.jpg&#8221; min_height_last_edited=&#8221;off|tablet&#8221; max_height_tablet=&#8221;none&#8221; max_height_phone=&#8221;&#8221; max_height_last_edited=&#8221;on|tablet&#8221; custom_margin=&#8221;-40px||||false|false&#8221;][\/et_pb_image][\/et_pb_column][\/et_pb_row][\/et_pb_section][et_pb_section fb_built=&#8221;1&#8243; custom_padding_last_edited=&#8221;on|desktop&#8221; admin_label=&#8221;Sponsors&#8221; _builder_version=&#8221;4.9.3&#8243; background_color=&#8221;#FFFFFF&#8221; background_color_gradient_direction=&#8221;112deg&#8221; custom_padding=&#8221;||||false|false&#8221; custom_padding_tablet=&#8221;&#8221; custom_padding_phone=&#8221;&#8221;][et_pb_row column_structure=&#8221;1_6,1_6,1_6,1_6,1_6,1_6&#8243; use_custom_gutter=&#8221;on&#8221; gutter_width=&#8221;4&#8243; _builder_version=&#8221;4.9.3&#8243; custom_padding=&#8221;0px||0px||true|&#8221;][et_pb_column type=&#8221;1_6&#8243; _builder_version=&#8221;3.25&#8243; custom_padding=&#8221;|||&#8221; custom_padding__hover=&#8221;|||&#8221;][et_pb_image src=&#8221;https:\/\/www.aquaserviceinstallaties.nl\/wp-content\/uploads\/2022\/01\/sentinel-logo.png&#8221; title_text=&#8221;sentinel-logo&#8221; align_tablet=&#8221;center&#8221; align_phone=&#8221;&#8221; align_last_edited=&#8221;on|desktop&#8221; _builder_version=&#8221;4.9.3&#8243; custom_margin=&#8221;30px||||false|false&#8221;][\/et_pb_image][\/et_pb_column][et_pb_column type=&#8221;1_6&#8243; _builder_version=&#8221;3.25&#8243; custom_padding=&#8221;|||&#8221; custom_padding__hover=&#8221;|||&#8221;][et_pb_image src=&#8221;https:\/\/www.aquaserviceinstallaties.nl\/wp-content\/uploads\/2022\/01\/rems-logo.png&#8221; title_text=&#8221;rems-logo&#8221; align_tablet=&#8221;center&#8221; align_phone=&#8221;&#8221; align_last_edited=&#8221;on|desktop&#8221; _builder_version=&#8221;4.9.3&#8243;][\/et_pb_image][\/et_pb_column][et_pb_column type=&#8221;1_6&#8243; _builder_version=&#8221;3.25&#8243; custom_padding=&#8221;|||&#8221; custom_padding__hover=&#8221;|||&#8221;][et_pb_image src=&#8221;https:\/\/www.aquaserviceinstallaties.nl\/wp-content\/uploads\/2022\/01\/makita-logo.png&#8221; title_text=&#8221;makita-logo&#8221; align_tablet=&#8221;center&#8221; align_phone=&#8221;&#8221; align_last_edited=&#8221;on|desktop&#8221; _builder_version=&#8221;4.9.3&#8243; custom_margin=&#8221;23px||||false|false&#8221;][\/et_pb_image][\/et_pb_column][et_pb_column type=&#8221;1_6&#8243; _builder_version=&#8221;3.25&#8243; custom_padding=&#8221;|||&#8221; custom_padding__hover=&#8221;|||&#8221;][et_pb_image src=&#8221;https:\/\/www.aquaserviceinstallaties.nl\/wp-content\/uploads\/2022\/01\/testo-logo.png&#8221; title_text=&#8221;testo-logo&#8221; align_tablet=&#8221;center&#8221; align_phone=&#8221;&#8221; align_last_edited=&#8221;on|desktop&#8221; _builder_version=&#8221;4.9.3&#8243; custom_margin=&#8221;12px||||false|false&#8221;][\/et_pb_image][\/et_pb_column][et_pb_column type=&#8221;1_6&#8243; _builder_version=&#8221;3.25&#8243; custom_padding=&#8221;|||&#8221; custom_padding__hover=&#8221;|||&#8221;][et_pb_image src=&#8221;https:\/\/www.aquaserviceinstallaties.nl\/wp-content\/uploads\/2022\/01\/mi-logo.png&#8221; title_text=&#8221;mi-logo&#8221; align_tablet=&#8221;center&#8221; align_phone=&#8221;&#8221; align_last_edited=&#8221;on|desktop&#8221; _builder_version=&#8221;4.9.3&#8243;][\/et_pb_image][\/et_pb_column][et_pb_column type=&#8221;1_6&#8243; _builder_version=&#8221;4.9.3&#8243; _module_preset=&#8221;default&#8221;][et_pb_image src=&#8221;https:\/\/www.aquaserviceinstallaties.nl\/wp-content\/uploads\/2022\/02\/272326729_1015247279028208_3556440648788544047_n-scaled.jpg&#8221; title_text=&#8221;272326729_1015247279028208_3556440648788544047_n&#8221; _builder_version=&#8221;4.9.3&#8243; _module_preset=&#8221;default&#8221; width=&#8221;100%&#8221; max_width=&#8221;100%&#8221; min_height=&#8221;100%&#8221; custom_margin=&#8221;19px||||false|false&#8221;][\/et_pb_image][\/et_pb_column][\/et_pb_row][\/et_pb_section]<\/p>","protected":false},"excerpt":{"rendered":"<p>[et_pb_section fb_built=&#8221;1&#8243; specialty=&#8221;on&#8221; custom_padding_last_edited=&#8221;on|desktop&#8221; padding_top_1=&#8221;0px&#8221; padding_2_tablet=&#8221;|||10vw&#8221; padding_2_phone=&#8221;&#8221; padding_2_last_edited=&#8221;on|tablet&#8221; admin_label=&#8221;Header&#8221; _builder_version=&#8221;4.9.3&#8243; background_color=&#8221;#eaeaf1&#8243; inner_width=&#8221;100%&#8221; inner_max_width=&#8221;100%&#8221; custom_padding=&#8221;0px|10vw|1px|||&#8221; custom_padding_tablet=&#8221;|||&#8221; custom_padding_phone=&#8221;&#8221; saved_tabs=&#8221;all&#8221; locked=&#8221;off&#8221;][et_pb_column type=&#8221;1_2&#8243; _builder_version=&#8221;3.25&#8243; custom_padding=&#8221;|||&#8221; custom_padding__hover=&#8221;|||&#8221;][et_pb_image src=&#8221;https:\/\/www.aquaserviceinstallaties.nl\/wp-content\/uploads\/2022\/01\/mechanic-73.png&#8221; alt=&#8221;woda-demineralizowana&#8221; title_text=&#8221;FB_IMG_1638655968389&#8243; align_tablet=&#8221;center&#8221; align_phone=&#8221;&#8221; align_last_edited=&#8221;on|desktop&#8221; _builder_version=&#8221;4.9.3&#8243; background_image=&#8221;https:\/\/www.aquaserviceinstallaties.nl\/wp-content\/uploads\/2022\/01\/FB_IMG_1638655968389.jpg&#8221; custom_margin=&#8221;|-50vw||&#8221; custom_margin_tablet=&#8221;|0vw||&#8221; custom_margin_phone=&#8221;&#8221; custom_margin_last_edited=&#8221;on|desktop&#8221; locked=&#8221;off&#8221;][\/et_pb_image][\/et_pb_column][et_pb_column type=&#8221;1_2&#8243; specialty_columns=&#8221;2&#8243; _builder_version=&#8221;3.25&#8243; custom_padding=&#8221;|||&#8221; custom_padding__hover=&#8221;|||&#8221;][et_pb_row_inner custom_padding_last_edited=&#8221;on|phone&#8221; _builder_version=&#8221;4.9.3&#8243; background_color=&#8221;#528584&#8243; max_width=&#8221;710px&#8221; custom_margin=&#8221;10vw|||&#8221; custom_margin_tablet=&#8221;-40vw||&#8221; custom_margin_phone=&#8221;&#8221; custom_margin_last_edited=&#8221;on|tablet&#8221; custom_padding=&#8221;80px|60px|80px|60px|true|false&#8221; custom_padding_tablet=&#8221;60px|50px|60px|50px|true|true&#8221; custom_padding_phone=&#8221;50px|||40px&#8221; box_shadow_style=&#8221;preset2&#8243; box_shadow_vertical=&#8221;28px&#8221; box_shadow_blur=&#8221;40px&#8221; box_shadow_color=&#8221;rgba(0,0,0,0.1)&#8221;][et_pb_column_inner [&hellip;]<\/p>","protected":false},"author":1,"featured_media":0,"parent":0,"menu_order":0,"comment_status":"closed","ping_status":"closed","template":"","meta":{"_et_pb_use_builder":"on","_et_pb_old_content":"","_et_gb_content_width":"","ngg_post_thumbnail":0,"footnotes":""},"class_list":["post-937","page","type-page","status-publish","hentry"],"aioseo_notices":[],"_links":{"self":[{"href":"https:\/\/www.aquaserviceinstallaties.nl\/pl\/wp-json\/wp\/v2\/pages\/937","targetHints":{"allow":["GET"]}}],"collection":[{"href":"https:\/\/www.aquaserviceinstallaties.nl\/pl\/wp-json\/wp\/v2\/pages"}],"about":[{"href":"https:\/\/www.aquaserviceinstallaties.nl\/pl\/wp-json\/wp\/v2\/types\/page"}],"author":[{"embeddable":true,"href":"https:\/\/www.aquaserviceinstallaties.nl\/pl\/wp-json\/wp\/v2\/users\/1"}],"replies":[{"embeddable":true,"href":"https:\/\/www.aquaserviceinstallaties.nl\/pl\/wp-json\/wp\/v2\/comments?post=937"}],"version-history":[{"count":10,"href":"https:\/\/www.aquaserviceinstallaties.nl\/pl\/wp-json\/wp\/v2\/pages\/937\/revisions"}],"predecessor-version":[{"id":1290,"href":"https:\/\/www.aquaserviceinstallaties.nl\/pl\/wp-json\/wp\/v2\/pages\/937\/revisions\/1290"}],"wp:attachment":[{"href":"https:\/\/www.aquaserviceinstallaties.nl\/pl\/wp-json\/wp\/v2\/media?parent=937"}],"curies":[{"name":"wp","href":"https:\/\/api.w.org\/{rel}","templated":true}]}}